{"id":1894,"date":"2024-05-28T14:36:48","date_gmt":"2024-05-28T14:36:48","guid":{"rendered":"https:\/\/ateliernumerosei.it\/?page_id=1894"},"modified":"2024-05-28T14:38:02","modified_gmt":"2024-05-28T14:38:02","slug":"abiti-da-sposa-verona","status":"publish","type":"page","link":"https:\/\/ateliernumerosei.it\/de\/abiti-da-sposa-verona\/","title":{"rendered":"Verona Brautkleider"},"content":{"rendered":"<p>[et_pb_section fb_built=&#8221;1&#8243; _builder_version=&#8221;4.22.1&#8243; _module_preset=&#8221;default&#8221; global_colors_info=&#8221;{}&#8221;][et_pb_row _builder_version=&#8221;4.22.1&#8243; _module_preset=&#8221;default&#8221; custom_margin=&#8221;100px||||false|false&#8221; global_colors_info=&#8221;{}&#8221;][et_pb_column type=&#8221;4_4&#8243; _builder_version=&#8221;4.22.1&#8243; _module_preset=&#8221;default&#8221; global_colors_info=&#8221;{}&#8221;][et_pb_text _builder_version=&#8221;4.22.1&#8243; _module_preset=&#8221;default&#8221; header_text_align=&#8221;center&#8221; global_colors_info=&#8221;{}&#8221;]<\/p>\n<h1><strong>Verona Brautkleider<\/strong><\/h1>\n<p><strong><\/strong><\/p>\n<p>[\/et_pb_text][et_pb_text _builder_version=&#8221;4.22.1&#8243; _module_preset=&#8221;default&#8221; global_colors_info=&#8221;{}&#8221;]<\/p>\n<h2 style=\"text-align: center;\">Die Kunst, gro\u00df zu tr\u00e4umen mit Atelier N. 6<\/h2>\n<p>[\/et_pb_text][et_pb_text _builder_version=&#8221;4.22.1&#8243; _module_preset=&#8221;default&#8221; global_colors_info=&#8221;{}&#8221;]<\/p>\n<p>In der N\u00e4he der bezaubernden Stadt Verona, die auf der ganzen Welt f\u00fcr ihre romantischen Liebesgeschichten bekannt ist, gibt es einen ebenso bezaubernden Ort, an dem die Tr\u00e4ume jeder Braut Gestalt annehmen: Atelier Numero Sei. Hier werden Brautkleider, umgeben von zeitloser Eleganz und Handwerkskunst, zu wahren Meisterwerken, die einzigartige Geschichten \u00fcber Liebe und Leidenschaft erz\u00e4hlen k\u00f6nnen.<\/p>\n<p>[\/et_pb_text][\/et_pb_column][\/et_pb_row][et_pb_row column_structure=&#8221;1_2,1_2&#8243; _builder_version=&#8221;4.22.1&#8243; _module_preset=&#8221;default&#8221; custom_margin=&#8221;||||false|false&#8221; custom_margin_tablet=&#8221;||||false|false&#8221; custom_margin_phone=&#8221;||||false|false&#8221; custom_margin_last_edited=&#8221;on|desktop&#8221; global_colors_info=&#8221;{}&#8221;][et_pb_column type=&#8221;1_2&#8243; _builder_version=&#8221;4.22.1&#8243; _module_preset=&#8221;default&#8221; global_colors_info=&#8221;{}&#8221;][et_pb_text _builder_version=&#8221;4.22.1&#8243; _module_preset=&#8221;default&#8221; custom_padding=&#8221;||47px|||&#8221; global_colors_info=&#8221;{}&#8221;]<\/p>\n<h3><strong>Eine Reise zwischen Stil und Tradition<\/strong><\/h3>\n<p>Jede Kreation von Atelier N.6 soll die Einzigartigkeit der Braut widerspiegeln, die sie tr\u00e4gt, dank einer breiten Palette an Stilen, die von elegant bis Boho-Chic, von n\u00fcchtern bis f\u00fcrstlich reichen. Die mit Sorgfalt und Aufmerksamkeit ausgew\u00e4hlten feinen Stoffe werden fachm\u00e4nnisch verarbeitet, um Kleidung zu schaffen, die eine Hommage an die italienische und internationale Handwerkskunst ist, wobei stets ein Blick auf die neuesten Trends gerichtet ist.<\/p>\n<p>Die Suche nach dem perfekten Kleid beginnt mit einer pers\u00f6nlichen Beratung, einem entscheidenden Moment, in dem die Erwartungen jeder Braut angeh\u00f6rt und beherzigt werden. Dank einer personalisierten Umfrage und gezielten Treffen wird das Kleid identifiziert, das die Pers\u00f6nlichkeit und Sch\u00f6nheit jeder Frau am besten zur Geltung bringt und sie zur unbestrittenen Protagonistin ihres sch\u00f6nsten Tages macht.<\/p>\n<p>[\/et_pb_text][\/et_pb_column][et_pb_column type=&#8221;1_2&#8243; _builder_version=&#8221;4.22.1&#8243; _module_preset=&#8221;default&#8221; global_colors_info=&#8221;{}&#8221;][et_pb_image src=&#8221;https:\/\/ateliernumerosei.it\/wp-content\/uploads\/2023\/11\/praha_1_min1rrr.jpg&#8221; title_text=&#8221;praha_1_min1rrr&#8221; _builder_version=&#8221;4.22.1&#8243; _module_preset=&#8221;default&#8221; global_colors_info=&#8221;{}&#8221;][\/et_pb_image][\/et_pb_column][\/et_pb_row][et_pb_row _builder_version=&#8221;4.22.1&#8243; _module_preset=&#8221;default&#8221; global_colors_info=&#8221;{}&#8221;][et_pb_column type=&#8221;4_4&#8243; _builder_version=&#8221;4.22.1&#8243; _module_preset=&#8221;default&#8221; global_colors_info=&#8221;{}&#8221;][et_pb_text _builder_version=&#8221;4.22.1&#8243; _module_preset=&#8221;default&#8221; global_colors_info=&#8221;{}&#8221;]<\/p>\n<p><strong><\/strong><\/p>\n<p><strong>Ein Team von Experten zu Ihren Diensten<\/strong><\/p>\n<p>&nbsp;<\/p>\n<p>Die Braut, die sich f\u00fcr Atelier Numero Sei entscheidet, kann das Kleid ihrer Tr\u00e4ume anfertigen sehen, das wie eine zweite Haut auf sie gen\u00e4ht ist, ein charakteristisches Element dieses Ateliers im Herzen von Verona.<\/p>\n<p>&nbsp;<\/p>\n<p>Im Atelier Numero Sei begr\u00fc\u00dfen Alice und Nadia jede Braut mit Leidenschaft und Professionalit\u00e4t und begleiten sie bei der Auswahl des Kleides mit einem Ansatz, der in erster Linie auf Zuh\u00f6ren und Verst\u00e4ndnis beruht. Die Erfahrungsberichte derjenigen, die diese Erfahrung bereits gemacht haben, sprechen eindeutig: Zuverl\u00e4ssigkeit, Kreativit\u00e4t und eine pers\u00f6nliche Note, die den Unterschied macht. Die Verwandlung eines Kleides vom einfachen Kleidungsst\u00fcck zum Zeugen eines unvergesslichen Moments ist ihr t\u00e4gliches Ziel.<\/p>\n<p>&nbsp;<\/p>\n<p><strong>Das Versprechen von Atelier Nummer Sechs<\/strong><\/p>\n<p>&nbsp;<\/p>\n<p>Wenn Sie sich f\u00fcr das Atelier Numero Sei f\u00fcr Ihr Hochzeitskleid in Verona entscheiden, k\u00f6nnen Sie sich auf erfahrene H\u00e4nde verlassen, die in der Lage sind, W\u00fcnsche und Tr\u00e4ume in die Realit\u00e4t umzusetzen. Das Versprechen ist ein tadelloser Service, der vom ersten Treffen bis zum Hochzeitstag reicht und daf\u00fcr sorgt, dass jede Braut ihre Hochzeit so erleben kann, wie sie es sich immer ertr\u00e4umt hat.<\/p>\n<p>&nbsp;<\/p>\n<p>Im Herzen von Verona erwartet das Atelier Numero Sei jede Braut, um sie auf dem Weg zum aufregendsten Tag ihres Lebens mit Eleganz, Stil und der Magie zu begleiten, die nur ein ma\u00dfgeschneidertes Hochzeitskleid verleihen kann.<\/p>\n<p>[\/et_pb_text][\/et_pb_column][\/et_pb_row][\/et_pb_section]<\/p>","protected":false},"excerpt":{"rendered":"<p>Abiti da Sposa Verona L&#8217;Arte di Sognare in Grande con Atelier N. 6Vicino all&#8217;incantevole citt\u00e0 di Verona, famosa in tutto il mondo per le sue romantiche storie d&#8217;amore, si trova un luogo altrettanto incantato dove i sogni di ogni sposa prendono forma: l&#8217;Atelier Numero Sei. Qui, abbracciati dall&#8217;eleganza senza tempo e dalla maestria artigianale, gli [&hellip;]<\/p>","protected":false},"author":2,"featured_media":0,"parent":0,"menu_order":0,"comment_status":"closed","ping_status":"closed","template":"","meta":{"_et_pb_use_builder":"on","_et_pb_old_content":"","_et_gb_content_width":"","footnotes":""},"class_list":["post-1894","page","type-page","status-publish","hentry"],"_links":{"self":[{"href":"https:\/\/ateliernumerosei.it\/de\/wp-json\/wp\/v2\/pages\/1894","targetHints":{"allow":["GET"]}}],"collection":[{"href":"https:\/\/ateliernumerosei.it\/de\/wp-json\/wp\/v2\/pages"}],"about":[{"href":"https:\/\/ateliernumerosei.it\/de\/wp-json\/wp\/v2\/types\/page"}],"author":[{"embeddable":true,"href":"https:\/\/ateliernumerosei.it\/de\/wp-json\/wp\/v2\/users\/2"}],"replies":[{"embeddable":true,"href":"https:\/\/ateliernumerosei.it\/de\/wp-json\/wp\/v2\/comments?post=1894"}],"version-history":[{"count":4,"href":"https:\/\/ateliernumerosei.it\/de\/wp-json\/wp\/v2\/pages\/1894\/revisions"}],"predecessor-version":[{"id":1900,"href":"https:\/\/ateliernumerosei.it\/de\/wp-json\/wp\/v2\/pages\/1894\/revisions\/1900"}],"wp:attachment":[{"href":"https:\/\/ateliernumerosei.it\/de\/wp-json\/wp\/v2\/media?parent=1894"}],"curies":[{"name":"wp","href":"https:\/\/api.w.org\/{rel}","templated":true}]}}